{"id":44,"date":"2018-11-20T02:12:07","date_gmt":"2018-11-20T02:12:07","guid":{"rendered":"http:\/\/audisem.com\/wp_audisem\/?page_id=44"},"modified":"2022-04-16T21:42:13","modified_gmt":"2022-04-16T21:42:13","slug":"pagina-2","status":"publish","type":"page","link":"https:\/\/audisem.com\/?page_id=44","title":{"rendered":"Bienvenidos"},"content":{"rendered":"<div id=\"Layer2\">\n<h5 style=\"text-align: left;\">MISI\u00d3N.<\/h5>\n<blockquote>\n<h5 style=\"text-align: left;\">Brindar el mejor servicio profesional cumpliendo los requerimientos mas estrictos de nuestros clientes buscando la mejora continua y mayor calidad en nuestros servicios.<\/h5>\n<\/blockquote>\n<h5 style=\"text-align: center;\"><\/h5>\n<h5 style=\"text-align: left;\">VISI\u00d3N.<\/h5>\n<blockquote>\n<h5 style=\"text-align: left;\">\u00abLlegar a ser lideres en nuestro rubro y consolidar nuestra imagen a los ojos de nuestros clientes como su principal herramienta de gesti\u00f3n en nuestras \u00e1reas de especializaci\u00f3n\u00bb.<\/h5>\n<\/blockquote>\n<h5 style=\"text-align: center;\"><\/h5>\n<h5 style=\"text-align: left;\">POL\u00cdTICA DE CALIDAD<\/h5>\n<blockquote>\n<h5 style=\"text-align: left;\">\u00abAsumir el compromiso de aportar lo mejor de nosotros buscando la mejora continua en todos nuestros servicios\u00bb<\/h5>\n<\/blockquote>\n<\/div>\n<hr \/>\n<p><a href=\"https:\/\/audisem.com\/?page_id=362\">Carta de bienvenida &#8230; (leer m\u00e1s)<\/a><\/p>\n<hr \/>\n<p><a href=\"https:\/\/audisem.com\/?page_id=363\">Socios &#8230; (leer m\u00e1s)<\/a><\/p>\n<hr \/>\n<p>&nbsp;<\/p>\n<p>&nbsp;<\/p>\n","protected":false},"excerpt":{"rendered":"<p>MISI\u00d3N. Brindar el mejor servicio profesional cumpliendo los requerimientos mas estrictos de nuestros clientes buscando la mejora continua y mayor calidad en nuestros servicios. VISI\u00d3N. \u00abLlegar a ser lideres en nuestro rubro y consolidar nuestra imagen a los ojos de nuestros clientes como su principal herramienta de gesti\u00f3n en nuestras \u00e1reas de especializaci\u00f3n\u00bb. POL\u00cdTICA DE [&hellip;]<\/p>\n","protected":false},"author":1,"featured_media":0,"parent":0,"menu_order":0,"comment_status":"closed","ping_status":"closed","template":"","meta":{"_editorskit_title_hidden":false,"_editorskit_reading_time":0,"_editorskit_is_block_options_detached":false,"_editorskit_block_options_position":"{}","_uag_custom_page_level_css":"","_joinchat":[],"footnotes":""},"class_list":["post-44","page","type-page","status-publish","hentry"],"uagb_featured_image_src":{"full":false,"thumbnail":false,"medium":false,"medium_large":false,"large":false,"1536x1536":false,"2048x2048":false},"uagb_author_info":{"display_name":"admin","author_link":"https:\/\/audisem.com\/?author=1"},"uagb_comment_info":0,"uagb_excerpt":"MISI\u00d3N. Brindar el mejor servicio profesional cumpliendo los requerimientos mas estrictos de nuestros clientes buscando la mejora continua y mayor calidad en nuestros servicios. VISI\u00d3N. \u00abLlegar a ser lideres en nuestro rubro y consolidar nuestra imagen a los ojos de nuestros clientes como su principal herramienta de gesti\u00f3n en nuestras \u00e1reas de especializaci\u00f3n\u00bb. POL\u00cdTICA DE&hellip;","_links":{"self":[{"href":"https:\/\/audisem.com\/index.php?rest_route=\/wp\/v2\/pages\/44"}],"collection":[{"href":"https:\/\/audisem.com\/index.php?rest_route=\/wp\/v2\/pages"}],"about":[{"href":"https:\/\/audisem.com\/index.php?rest_route=\/wp\/v2\/types\/page"}],"author":[{"embeddable":true,"href":"https:\/\/audisem.com\/index.php?rest_route=\/wp\/v2\/users\/1"}],"replies":[{"embeddable":true,"href":"https:\/\/audisem.com\/index.php?rest_route=%2Fwp%2Fv2%2Fcomments&post=44"}],"version-history":[{"count":9,"href":"https:\/\/audisem.com\/index.php?rest_route=\/wp\/v2\/pages\/44\/revisions"}],"predecessor-version":[{"id":403,"href":"https:\/\/audisem.com\/index.php?rest_route=\/wp\/v2\/pages\/44\/revisions\/403"}],"wp:attachment":[{"href":"https:\/\/audisem.com\/index.php?rest_route=%2Fwp%2Fv2%2Fmedia&parent=44"}],"curies":[{"name":"wp","href":"https:\/\/api.w.org\/{rel}","templated":true}]}}